 {"id":8,"date":"2019-03-06T12:40:52","date_gmt":"2019-03-06T10:40:52","guid":{"rendered":"http:\/\/arzuapart.com\/?page_id=8"},"modified":"2019-03-19T14:33:42","modified_gmt":"2019-03-19T12:33:42","slug":"blog","status":"publish","type":"page","link":"https:\/\/arzuapart.com\/?page_id=8","title":{"rendered":"Yorumlar"},"content":{"rendered":"\n<p>Yorumlar\u0131n\u0131z bizim i\u00e7in \u00f6nemlidir.<\/p>\n","protected":false},"excerpt":{"rendered":"<p>Yorumlar\u0131n\u0131z bizim i\u00e7in \u00f6nemlidir.<\/p>\n","protected":false},"author":1,"featured_media":0,"parent":0,"menu_order":0,"comment_status":"open","ping_status":"closed","template":"","meta":[],"_links":{"self":[{"href":"https:\/\/arzuapart.com\/index.php?rest_route=\/wp\/v2\/pages\/8"}],"collection":[{"href":"https:\/\/arzuapart.com\/index.php?rest_route=\/wp\/v2\/pages"}],"about":[{"href":"https:\/\/arzuapart.com\/index.php?rest_route=\/wp\/v2\/types\/page"}],"author":[{"embeddable":true,"href":"https:\/\/arzuapart.com\/index.php?rest_route=\/wp\/v2\/users\/1"}],"replies":[{"embeddable":true,"href":"https:\/\/arzuapart.com\/index.php?rest_route=%2Fwp%2Fv2%2Fcomments&post=8"}],"version-history":[{"count":3,"href":"https:\/\/arzuapart.com\/index.php?rest_route=\/wp\/v2\/pages\/8\/revisions"}],"predecessor-version":[{"id":482,"href":"https:\/\/arzuapart.com\/index.php?rest_route=\/wp\/v2\/pages\/8\/revisions\/482"}],"wp:attachment":[{"href":"https:\/\/arzuapart.com\/index.php?rest_route=%2Fwp%2Fv2%2Fmedia&parent=8"}],"curies":[{"name":"wp","href":"https:\/\/api.w.org\/{rel}","templated":true}]}}