 {"id":6,"date":"2019-03-06T12:40:51","date_gmt":"2019-03-06T10:40:51","guid":{"rendered":"http:\/\/arzuapart.com\/?page_id=6"},"modified":"2019-06-13T09:19:53","modified_gmt":"2019-06-13T06:19:53","slug":"hakkimizda","status":"publish","type":"page","link":"https:\/\/arzuapart.com\/?page_id=6","title":{"rendered":"Hakk\u0131m\u0131zda"},"content":{"rendered":"<blockquote>\n<p>Aile i\u015fletmesi olarak 2019 May\u0131s ay\u0131nda a\u00e7\u0131l\u0131\u015f\u0131n\u0131 yapt\u0131\u011f\u0131m\u0131z, ismini sevgili biricik Arzu k\u0131z\u0131mdan alan Arzu Apart \u0131n Dat\u00e7a&#8217;m\u0131za ve t\u00fcm misafirlerimize hay\u0131rl\u0131 u\u011furlu olmas\u0131 dile\u011fiyle &#8230; Y\u00fccel Ertem<\/p>\n<\/blockquote>\n<p>\u00a0<\/p>\n<blockquote>\n<p>Dat\u00e7a&#8217;m\u0131za b\u00f6yle g\u00fczel bir Apart Otel&#8217;i kazand\u0131rd\u0131\u011f\u0131 i\u00e7in\u00a0 Babam\u0131z Y\u00fccel Ertem&#8217; e ve onu hi\u00e7 bir zaman yaln\u0131z b\u0131rakmayan sevgili\u00a0 Annemiz Aysel Ertem&#8217;e sonsuz te\u015fekk\u00fcrlerimizi sunar\u0131z&#8230; Ertem Ailesi<\/p>\n<\/blockquote>\n<p>\u00a0<\/p>\n<blockquote>\n<p>Hayat, sevdiklerimizle g\u00fczel vakit ge\u00e7irebilmek i\u00e7in bizlere sunulmu\u015f bir hediyedir&#8230; Bu hediyeyi en iyi \u015fekilde de\u011ferlendirebilece\u011finiz mekanlardan biri de Arzu Apart olup, \u00f6nceli\u011fimiz olan, siz de\u011ferli misafirlerimizin konforu ve rahatl\u0131\u011f\u0131 ad\u0131na, her ge\u00e7en g\u00fcn daha kaliteli hizmetler sunabilmeyi gaye edinmekteyiz.<\/p>\n<\/blockquote>\n\n\n<p>12 ay a\u00e7\u0131k Apart\u0131m\u0131z, &#8220;<strong>Dat\u00e7a\u2019daki Eviniz<\/strong>&#8221; slogan\u0131yla sizlere rahatl\u0131k ve konfor sunmak i\u00e7in 2019 y\u0131l\u0131nda hizmete a\u00e7\u0131lm\u0131\u015ft\u0131r.<\/p>\n\n\n\n<p>Dat\u00e7a merkezinde, her ikisi de mavi bayrakl\u0131 olan Dat\u00e7a plaj\u0131na 200 metre,&nbsp; Kumluk sahiline 500 metre mesafededir.<\/p>\n\n\n\n<p>Arzu Apart\u2019 dan limana, barlara, kafelere, restoranlara, \u00e7ar\u015f\u0131ya, pazara, \u00e7ocuk oyun bah\u00e7esine, bankalara, postaneye, al\u0131\u015f veri\u015f yapabilece\u011finiz marketlere kolayca ula\u015fabilirsiniz.<\/p>\n\n\n\n<p>Apart\u0131m\u0131z Dat\u00e7a i\u00e7i \u2013 \u015fehirleraras\u0131 minib\u00fcs ve otob\u00fcs firmalar\u0131na \u00e7ok yak\u0131n bir konumdad\u0131r.&nbsp;<\/p>\n\n\n\n<p>Arzu Apart \u015fehrin merkezinde olmas\u0131na ra\u011fmen sessiz ve sakin bir sokak \u00fczerinde bulunmas\u0131 ve denize 200 metre bir konumda olmas\u0131 nedeniyle keyifle dinlenmenize olanak sa\u011flar.&nbsp; Yemek, gezme ve e\u011flence sonras\u0131 y\u00fcr\u00fcyerek otele d\u00f6nd\u00fc\u011f\u00fcn\u00fczde g\u00fcr\u00fclt\u00fcden uzak, ye\u015filliklerin i\u00e7inde, denize naz\u0131r bir \u015fekilde tatilinizi yapman\u0131z\u0131 sa\u011flar.<\/p>\n\n\n\n<p><\/p>\n","protected":false},"excerpt":{"rendered":"<p>Aile i\u015fletmesi olarak 2019 May\u0131s ay\u0131nda a\u00e7\u0131l\u0131\u015f\u0131n\u0131 yapt\u0131\u011f\u0131m\u0131z, ismini sevgili biricik Arzu k\u0131z\u0131mdan alan Arzu &#8230; <\/p>\n<div class=\"text-center\"><a class=\"theme-btn\" href=\"https:\/\/arzuapart.com\/?page_id=6\">Read More<\/a><\/div>\n","protected":false},"author":1,"featured_media":0,"parent":0,"menu_order":0,"comment_status":"closed","ping_status":"closed","template":"","meta":[],"_links":{"self":[{"href":"https:\/\/arzuapart.com\/index.php?rest_route=\/wp\/v2\/pages\/6"}],"collection":[{"href":"https:\/\/arzuapart.com\/index.php?rest_route=\/wp\/v2\/pages"}],"about":[{"href":"https:\/\/arzuapart.com\/index.php?rest_route=\/wp\/v2\/types\/page"}],"author":[{"embeddable":true,"href":"https:\/\/arzuapart.com\/index.php?rest_route=\/wp\/v2\/users\/1"}],"replies":[{"embeddable":true,"href":"https:\/\/arzuapart.com\/index.php?rest_route=%2Fwp%2Fv2%2Fcomments&post=6"}],"version-history":[{"count":8,"href":"https:\/\/arzuapart.com\/index.php?rest_route=\/wp\/v2\/pages\/6\/revisions"}],"predecessor-version":[{"id":866,"href":"https:\/\/arzuapart.com\/index.php?rest_route=\/wp\/v2\/pages\/6\/revisions\/866"}],"wp:attachment":[{"href":"https:\/\/arzuapart.com\/index.php?rest_route=%2Fwp%2Fv2%2Fmedia&parent=6"}],"curies":[{"name":"wp","href":"https:\/\/api.w.org\/{rel}","templated":true}]}}