 {"id":5,"date":"2019-03-06T12:40:51","date_gmt":"2019-03-06T10:40:51","guid":{"rendered":"http:\/\/arzuapart.com\/?page_id=5"},"modified":"2024-03-13T17:07:51","modified_gmt":"2024-03-13T14:07:51","slug":"ana-sayfa","status":"publish","type":"page","link":"https:\/\/arzuapart.com\/","title":{"rendered":"Ana sayfa"},"content":{"rendered":"\n<figure class=\"is-layout-flex wp-block-gallery-1 wp-block-gallery has-nested-images columns-default is-cropped\">\n<figure class=\"wp-block-image size-large\"><img decoding=\"async\" loading=\"lazy\" width=\"1600\" height=\"1000\" data-id=\"1159\"  src=\"https:\/\/arzuapart.com\/wp-content\/uploads\/2024\/03\/IMG-20190621-WA0012-1-edited.jpg\" alt=\"\" class=\"wp-image-1159\" srcset=\"https:\/\/arzuapart.com\/wp-content\/uploads\/2024\/03\/IMG-20190621-WA0012-1-edited.jpg 1600w, https:\/\/arzuapart.com\/wp-content\/uploads\/2024\/03\/IMG-20190621-WA0012-1-edited-300x188.jpg 300w, https:\/\/arzuapart.com\/wp-content\/uploads\/2024\/03\/IMG-20190621-WA0012-1-edited-1024x640.jpg 1024w, https:\/\/arzuapart.com\/wp-content\/uploads\/2024\/03\/IMG-20190621-WA0012-1-edited-768x480.jpg 768w, https:\/\/arzuapart.com\/wp-content\/uploads\/2024\/03\/IMG-20190621-WA0012-1-edited-1536x960.jpg 1536w\" sizes=\"(max-width: 1600px) 100vw, 1600px\" \/><figcaption class=\"wp-element-caption\"><strong><a href=\"https:\/\/arzuapart.com\/?page_id=9\" data-type=\"URL\" data-id=\"https:\/\/arzuapart.com\/?page_id=9\">Gecelik Apart Fiyatlar\u0131m\u0131z <\/a><\/strong><\/figcaption><\/figure>\n<\/figure>\n\n\n\n<p>Tanr\u0131 yaratt\u0131\u011f\u0131 kulunun uzun \u00f6m\u00fcrl\u00fc olmas\u0131n\u0131 isterse, Dat\u00e7a Yar\u0131madas\u0131&#8217;na b\u0131rak\u0131r. Strabon <\/p>\n\n\n\n<p><\/p>\n","protected":false},"excerpt":{"rendered":"<p>Tanr\u0131 yaratt\u0131\u011f\u0131 kulunun uzun \u00f6m\u00fcrl\u00fc olmas\u0131n\u0131 isterse, Dat\u00e7a Yar\u0131madas\u0131&#8217;na b\u0131rak\u0131r. Strabon<\/p>\n","protected":false},"author":1,"featured_media":889,"parent":0,"menu_order":0,"comment_status":"closed","ping_status":"closed","template":"template-homepage.php","meta":[],"_links":{"self":[{"href":"https:\/\/arzuapart.com\/index.php?rest_route=\/wp\/v2\/pages\/5"}],"collection":[{"href":"https:\/\/arzuapart.com\/index.php?rest_route=\/wp\/v2\/pages"}],"about":[{"href":"https:\/\/arzuapart.com\/index.php?rest_route=\/wp\/v2\/types\/page"}],"author":[{"embeddable":true,"href":"https:\/\/arzuapart.com\/index.php?rest_route=\/wp\/v2\/users\/1"}],"replies":[{"embeddable":true,"href":"https:\/\/arzuapart.com\/index.php?rest_route=%2Fwp%2Fv2%2Fcomments&post=5"}],"version-history":[{"count":30,"href":"https:\/\/arzuapart.com\/index.php?rest_route=\/wp\/v2\/pages\/5\/revisions"}],"predecessor-version":[{"id":1169,"href":"https:\/\/arzuapart.com\/index.php?rest_route=\/wp\/v2\/pages\/5\/revisions\/1169"}],"wp:featuredmedia":[{"embeddable":true,"href":"https:\/\/arzuapart.com\/index.php?rest_route=\/wp\/v2\/media\/889"}],"wp:attachment":[{"href":"https:\/\/arzuapart.com\/index.php?rest_route=%2Fwp%2Fv2%2Fmedia&parent=5"}],"curies":[{"name":"wp","href":"https:\/\/api.w.org\/{rel}","templated":true}]}}